{"id":10981,"date":"2017-11-29T09:24:48","date_gmt":"2017-11-29T08:24:48","guid":{"rendered":"https:\/\/ndihmajuridikeikd.org\/kontakti\/"},"modified":"2019-06-14T15:27:44","modified_gmt":"2019-06-14T13:27:44","slug":"kontakti","status":"publish","type":"page","link":"https:\/\/ndihmajuridikeikd.org\/sr\/kontakti\/","title":{"rendered":"Kontakt"},"content":{"rendered":"<div class=\"wpb-content-wrapper\"><p>[vc_section full_width=&#8221;stretch_row&#8221; css=&#8221;.vc_custom_1519729320894{margin-top: 0px !important;margin-bottom: 0px !important;padding-top: 0px !important;padding-bottom: 0px !important;background-color: #ffffff !important;background-position: center !important;background-repeat: no-repeat !important;background-size: cover !important;}&#8221;][vc_row full_width=&#8221;stretch_row&#8221; gap=&#8221;35&#8243; equal_height=&#8221;yes&#8221; css_animation=&#8221;none&#8221; css=&#8221;.vc_custom_1519736155648{margin-top: 0px !important;margin-bottom: 0px !important;padding-top: 73px !important;padding-bottom: 73px !important;background-color: #ffffff !important;}&#8221;][vc_column width=&#8221;1\/3&#8243; css=&#8221;.vc_custom_1519736485121{margin-top: 0px !important;margin-bottom: 0px !important;padding-top: 0px !important;padding-bottom: 0px !important;}&#8221; el_class=&#8221;border-right&#8221;][vc_single_image image=&#8221;10089&#8243; img_size=&#8221;full&#8221; alignment=&#8221;center&#8221; css=&#8221;.vc_custom_1529295636358{margin-top: 0px !important;margin-bottom: 10px !important;padding-top: 0px !important;padding-bottom: 0px !important;}&#8221;][vc_custom_heading text=&#8221;Kontakt besplatno&#8221; font_container=&#8221;tag:h3|font_size:16px|text_align:center|line_height:24px&#8221; use_theme_fonts=&#8221;yes&#8221;][vc_custom_heading 1=&#8221;pa&#8221; 2=&#8221;pages\u00eb&#8221; 3=&#8221;&#8221; 4=&#8221;href=&#8220;&#8220;tel:0800&#8220;&gt;0800&#8243; 5=&#8221;22&#8243; 6=&#8221;222&#8220;&#8221; text=&#8221;Kontakt besplatno<br \/>\n0800 22 222&#8243; font_container=&#8221;tag:p|font_size:16px|text_align:center|color:%23131313|line_height:24px&#8221; use_theme_fonts=&#8221;yes&#8221; css=&#8221;.vc_custom_1556811522240{margin-top: 25px !important;margin-bottom: 0px !important;padding-top: 0px !important;padding-bottom: 0px !important;}&#8221;][\/vc_column][vc_column width=&#8221;1\/3&#8243; css=&#8221;.vc_custom_1519736498190{margin-top: 0px !important;margin-bottom: 0px !important;padding-top: 0px !important;padding-bottom: 0px !important;}&#8221; el_class=&#8221;border-right&#8221;][vc_single_image image=&#8221;10090&#8243; img_size=&#8221;full&#8221; alignment=&#8221;center&#8221; css=&#8221;.vc_custom_1529295660261{margin-top: 0px !important;margin-bottom: 10px !important;padding-top: 0px !important;padding-bottom: 0px !important;}&#8221;][vc_custom_heading text=&#8221;EMAIL&#8221; font_container=&#8221;tag:h3|font_size:16px|text_align:center|line_height:24px&#8221; use_theme_fonts=&#8221;yes&#8221;][vc_custom_heading text=&#8221;info@ndihmajuridikeikd.org&#8221; font_container=&#8221;tag:p|font_size:16px|text_align:center|color:%23131313|line_height:24px&#8221; use_theme_fonts=&#8221;yes&#8221; css=&#8221;.vc_custom_1555400396970{margin-top: 25px !important;margin-bottom: 0px !important;padding-top: 0px !important;padding-bottom: 0px !important;}&#8221;][\/vc_column][vc_column width=&#8221;1\/3&#8243; css=&#8221;.vc_custom_1519736281484{margin-top: 0px !important;margin-bottom: 0px !important;padding-top: 0px !important;padding-bottom: 0px !important;}&#8221;][vc_single_image image=&#8221;10091&#8243; img_size=&#8221;full&#8221; alignment=&#8221;center&#8221; css=&#8221;.vc_custom_1529295681117{margin-top: 0px !important;margin-bottom: 10px !important;padding-top: 0px !important;padding-bottom: 0px !important;}&#8221;][vc_custom_heading text=&#8221;LOKACIONI&#8221; font_container=&#8221;tag:h3|font_size:16px|text_align:center|line_height:24px&#8221; use_theme_fonts=&#8221;yes&#8221;][vc_custom_heading text=&#8221;Kosovo Law Institute (Legal Aid Center), St. Rrustem Statovci, Entry I, no. 1 and Z3-S4. no.1, Pristina.&#8221; font_container=&#8221;tag:p|font_size:16px|text_align:center|color:%23131313|line_height:24px&#8221; use_theme_fonts=&#8221;yes&#8221; css=&#8221;.vc_custom_1560518858622{margin-top: 25px !important;margin-bottom: 0px !important;padding-top: 0px !important;padding-bottom: 0px !important;}&#8221;][\/vc_column][\/vc_row][vc_row][vc_column el_class=&#8221;applyOnline&#8221;]\r<!-- rt-cf7 -->\r<div class=\"radiant-contact-form rt498d0a4b904528b element-one \"  >\n<div class=\"wpcf7 no-js\" id=\"wpcf7-f10788-o1\" lang=\"en-GB\" dir=\"ltr\" data-wpcf7-id=\"10788\">\n<div class=\"screen-reader-response\"><p role=\"status\" aria-live=\"polite\" aria-atomic=\"true\"><\/p> <ul><\/ul><\/div>\n<form action=\"\/sr\/wp-json\/wp\/v2\/pages\/10981#wpcf7-f10788-o1\" method=\"post\" class=\"wpcf7-form init\" aria-label=\"Contact form\" enctype=\"multipart\/form-data\" novalidate=\"novalidate\" data-status=\"init\">\n<fieldset class=\"hidden-fields-container\"><input type=\"hidden\" name=\"_wpcf7\" value=\"10788\" \/><input type=\"hidden\" name=\"_wpcf7_version\" value=\"6.1.5\" \/><input type=\"hidden\" name=\"_wpcf7_locale\" value=\"en_GB\" \/><input type=\"hidden\" name=\"_wpcf7_unit_tag\" value=\"wpcf7-f10788-o1\" \/><input type=\"hidden\" name=\"_wpcf7_container_post\" value=\"0\" \/><input type=\"hidden\" name=\"_wpcf7_posted_data_hash\" value=\"\" \/><input type=\"hidden\" name=\"_wpcf7_recaptcha_response\" value=\"\" \/>\n<\/fieldset>\n<div class=\"col-lg-12 col-md-12 col-sm-12 col-xs-12\">\n\t<div class=\"form-row\">\n\t<\/div>\n\t<div class=\"form-row\">\n\t\t<h3>APLICIRAJTE ONLINE ZA BESPLATNU PRAVNU POMO\u0106 OD CBPP \u2013 KIP\n\t\t<\/h3>\n\t<\/div>\n\t<div class=\"row\">\n\t\t<div class=\"col-lg-4 col-md-12 col-sm-12 col-xs-12\">\n\t\t\t<p><span class=\"wpcf7-form-control-wrap\" data-name=\"emri\"><input size=\"40\" maxlength=\"400\" class=\"wpcf7-form-control wpcf7-text wpcf7-validates-as-required\" aria-required=\"true\" aria-invalid=\"false\" placeholder=\"Ime*\" value=\"\" type=\"text\" name=\"emri\" \/><\/span>\n\t\t\t<\/p>\n\t\t<\/div>\n\t\t<div class=\"col-lg-4 col-md-12 col-sm-12 col-xs-12\">\n\t\t\t<p><span class=\"wpcf7-form-control-wrap\" data-name=\"mbiemri\"><input size=\"40\" maxlength=\"400\" class=\"wpcf7-form-control wpcf7-text wpcf7-validates-as-required\" aria-required=\"true\" aria-invalid=\"false\" placeholder=\"Prezime*\" value=\"\" type=\"text\" name=\"mbiemri\" \/><\/span>\n\t\t\t<\/p>\n\t\t<\/div>\n\t\t<div class=\"col-lg-4 col-md-12 col-sm-12 col-xs-12 clearleft\">\n\t\t\t<p><span class=\"wpcf7-form-control-wrap\" data-name=\"datelindja\"><input size=\"40\" maxlength=\"400\" class=\"wpcf7-form-control wpcf7-text wpcf7-validates-as-required\" aria-required=\"true\" aria-invalid=\"false\" placeholder=\"Datum ro\u0111enja*\" value=\"\" type=\"text\" name=\"datelindja\" \/><\/span>\n\t\t\t<\/p>\n\t\t<\/div>\n\t\t<div class=\"col-lg-4 col-md-12 col-sm-12 col-xs-12\">\n\t\t\t<p><span class=\"wpcf7-form-control-wrap\" data-name=\"nrPersonal\"><input size=\"40\" maxlength=\"400\" class=\"wpcf7-form-control wpcf7-text wpcf7-validates-as-required\" aria-required=\"true\" aria-invalid=\"false\" placeholder=\"Li\u010dni broj*\" value=\"\" type=\"text\" name=\"nrPersonal\" \/><\/span>\n\t\t\t<\/p>\n\t\t<\/div>\n\t\t<div class=\"col-lg-4 col-md-12 col-sm-12 col-xs-12 clearleft\">\n\t\t\t<p><span class=\"wpcf7-form-control-wrap\" data-name=\"adresa\"><input size=\"40\" maxlength=\"400\" class=\"wpcf7-form-control wpcf7-text wpcf7-validates-as-required\" aria-required=\"true\" aria-invalid=\"false\" placeholder=\"Adresa*\" value=\"\" type=\"text\" name=\"adresa\" \/><\/span>\n\t\t\t<\/p>\n\t\t<\/div>\n\t\t<div class=\"col-lg-4 col-md-12 col-sm-12 col-xs-12\">\n\t\t\t<p><label style=\"float:left\">No\/Zaposlen\/a:*<\/label><br \/>\n<span class=\"wpcf7-form-control-wrap\" data-name=\"Zaposlen\"><span class=\"wpcf7-form-control wpcf7-radio\"><span class=\"wpcf7-list-item first\"><input type=\"radio\" name=\"Zaposlen\" value=\"Da\" \/><span class=\"wpcf7-list-item-label\">Da<\/span><\/span><span class=\"wpcf7-list-item last\"><input type=\"radio\" name=\"Zaposlen\" value=\"Ne\" \/><span class=\"wpcf7-list-item-label\">Ne<\/span><\/span><\/span><\/span>\n\t\t\t<\/p>\n\t\t<\/div>\n\t\t<div class=\"col-lg-4 col-md-12 col-sm-12 col-xs-12 clearleft\">\n\t\t\t<p><span class=\"wpcf7-form-control-wrap\" data-name=\"ImovinskiStatus\"><input size=\"40\" maxlength=\"400\" class=\"wpcf7-form-control wpcf7-text wpcf7-validates-as-required\" aria-required=\"true\" aria-invalid=\"false\" placeholder=\"Imovinski status*\" value=\"\" type=\"text\" name=\"ImovinskiStatus\" \/><\/span>\n\t\t\t<\/p>\n\t\t<\/div>\n\t\t<div class=\"col-lg-4 col-md-12 col-sm-12 col-xs-12\">\n\t\t\t<p><span class=\"wpcf7-form-control-wrap\" data-name=\"tel\"><input size=\"40\" maxlength=\"400\" class=\"wpcf7-form-control wpcf7-text wpcf7-validates-as-required\" aria-required=\"true\" aria-invalid=\"false\" placeholder=\"Broj telefona*\" value=\"\" type=\"text\" name=\"tel\" \/><\/span>\n\t\t\t<\/p>\n\t\t<\/div>\n\t<\/div>\n\t<div class=\"col-lg-12 col-md-12 col-sm-12 col-xs-12\">\n\t\t<div class=\"form-row\">\n\t\t\t<p><span class=\"wpcf7-form-control-wrap Name\"><br \/>\n<label>Od Centra za besplatnu pravnu pomo\u0107 pri Kosovskom institutu za pravdu potrebno mi je:*<\/label><br \/>\n<span class=\"wpcf7-form-control-wrap\" data-name=\"checkbox-193\"><span class=\"wpcf7-form-control wpcf7-checkbox wpcf7-validates-as-required\"><span class=\"wpcf7-list-item first\"><input type=\"checkbox\" name=\"checkbox-193[]\" value=\"Primarna besplatna pravna pomo\u0107;\" \/><span class=\"wpcf7-list-item-label\">Primarna besplatna pravna pomo\u0107;<\/span><\/span><span class=\"wpcf7-list-item last\"><input type=\"checkbox\" name=\"checkbox-193[]\" value=\"Sekundarna besplatna pravna pomo\u0107.\" \/><span class=\"wpcf7-list-item-label\">Sekundarna besplatna pravna pomo\u0107.<\/span><\/span><\/span><\/span><br \/>\n<\/span>\n\t\t\t<\/p>\n\t\t<\/div>\n\t<\/div>\n\t<div class=\"col-lg-12 col-md-12 col-sm-12 col-xs-12\">\n\t\t<div class=\"form-row\">\n\t\t\t<p><span class=\"wpcf7-form-control-wrap Name\"><br \/>\n<label><br \/>\nOblast iz koje mi je potrebna besplatna pravna pomo\u0107:*<br \/>\n<\/label><br \/>\n<span class=\"wpcf7-form-control-wrap\" data-name=\"checkbox-194\"><span class=\"wpcf7-form-control wpcf7-checkbox wpcf7-validates-as-required\"><span class=\"wpcf7-list-item first\"><input type=\"checkbox\" name=\"checkbox-194[]\" value=\"Pravna podr\u0161ka \u017eenama u ostvarivanju imovinskih prava,\" \/><span class=\"wpcf7-list-item-label\">Pravna podr\u0161ka \u017eenama u ostvarivanju imovinskih prava,<\/span><\/span><span class=\"wpcf7-list-item\"><input type=\"checkbox\" name=\"checkbox-194[]\" value=\"Pravna pomo\u0107 povezana sa pravima koja proisti\u010du iz radnog odnosa, pitanjima vezanim za ugovore i penzije zabranjene od strane vlasti Srbije,\" \/><span class=\"wpcf7-list-item-label\">Pravna pomo\u0107 povezana sa pravima koja proisti\u010du iz radnog odnosa, pitanjima vezanim za ugovore i penzije zabranjene od strane vlasti Srbije,<\/span><\/span><span class=\"wpcf7-list-item\"><input type=\"checkbox\" name=\"checkbox-194[]\" value=\"Pravna pomo\u0107 u cilju za\u0161tite prava manjina, raseljenih lica, izbeglica i tra\u017eioca azila,\" \/><span class=\"wpcf7-list-item-label\">Pravna pomo\u0107 u cilju za\u0161tite prava manjina, raseljenih lica, izbeglica i tra\u017eioca azila,<\/span><\/span><span class=\"wpcf7-list-item\"><input type=\"checkbox\" name=\"checkbox-194[]\" value=\"Pravna pomo\u0107 u vezi sa rodno uslovljenim nasiljem u porodici i naknadom za osobe koje su pretrpele seksualno nasilje za vreme rata,\" \/><span class=\"wpcf7-list-item-label\">Pravna pomo\u0107 u vezi sa rodno uslovljenim nasiljem u porodici i naknadom za osobe koje su pretrpele seksualno nasilje za vreme rata,<\/span><\/span><span class=\"wpcf7-list-item\"><input type=\"checkbox\" name=\"checkbox-194[]\" value=\"Pravna pomo\u0107 u cilju za\u0161tite prava zatvorenika,\" \/><span class=\"wpcf7-list-item-label\">Pravna pomo\u0107 u cilju za\u0161tite prava zatvorenika,<\/span><\/span><span class=\"wpcf7-list-item\"><input type=\"checkbox\" name=\"checkbox-194[]\" value=\"Pru\u017eanje besplatne pravne pomo\u0107i zvi\u017eda\u010dima u predmetima vezanim za korupciju, i\" \/><span class=\"wpcf7-list-item-label\">Pru\u017eanje besplatne pravne pomo\u0107i zvi\u017eda\u010dima u predmetima vezanim za korupciju, i<\/span><\/span><span class=\"wpcf7-list-item last\"><input type=\"checkbox\" name=\"checkbox-194[]\" value=\"Drugi oblik besplatne pravne pomo\u0107i.\" \/><span class=\"wpcf7-list-item-label\">Drugi oblik besplatne pravne pomo\u0107i.<\/span><\/span><\/span><\/span><br \/>\n<\/span>\n\t\t\t<\/p>\n\t\t<\/div>\n\t<\/div>\n\t<div class=\"col-lg-12 col-md-12 col-sm-12 col-xs-12\">\n\t\t<p><label><br \/>\nBesplatna pravna pomo\u0107 je potrebna u:*<br \/>\n<\/label><br \/>\n<span class=\"wpcf7-form-control-wrap\" data-name=\"checkbox-195\"><span class=\"wpcf7-form-control wpcf7-checkbox wpcf7-validates-as-required\"><span class=\"wpcf7-list-item first\"><input type=\"checkbox\" name=\"checkbox-195[]\" value=\"Sudu\" \/><span class=\"wpcf7-list-item-label\">Sudu<\/span><\/span><span class=\"wpcf7-list-item\"><input type=\"checkbox\" name=\"checkbox-195[]\" value=\"Tu\u017eila\u0161tvu\" \/><span class=\"wpcf7-list-item-label\">Tu\u017eila\u0161tvu<\/span><\/span><span class=\"wpcf7-list-item last\"><input type=\"checkbox\" name=\"checkbox-195[]\" value=\"Policiji\" \/><span class=\"wpcf7-list-item-label\">Policiji<\/span><\/span><\/span><\/span><br \/>\n<span class=\"wpcf7-form-control-wrap\" data-name=\"text-235\"><input size=\"40\" maxlength=\"400\" class=\"wpcf7-form-control wpcf7-text\" aria-invalid=\"false\" value=\"Drugo (navesti naziv institucije)\" type=\"text\" name=\"text-235\" \/><\/span>\n\t\t<\/p>\n\t<\/div>\n\t<div class=\"col-lg-12 col-md-12 col-sm-12 col-xs-12\">\n\t\t<div class=\"wpcf7-form-control-wrap your-message\">\n\t\t\t<p><label>OPI\u0160ITE PREDMET U VEZI KOJEG VAM JE POTREBNA BESPLATNA PRAVNA POMO\u0106*<\/label><br \/>\n<span class=\"wpcf7-form-control-wrap\" data-name=\"textarea-692\"><textarea cols=\"40\" rows=\"10\" maxlength=\"2000\" class=\"wpcf7-form-control wpcf7-textarea wpcf7-validates-as-required\" aria-required=\"true\" aria-invalid=\"false\" name=\"textarea-692\"><\/textarea><\/span>\n\t\t\t<\/p>\n\t\t<\/div>\n\t<\/div>\n\t<div class=\"col-lg-12 col-md-12 col-sm-12 col-xs-12\">\n\t\t<p><label>PRILO\u017dITE DOKUMENTA U VEZI S NAVEDENIM PREDMETOM KOJA POSEDUJETE<\/label><br \/>\n<span class=\"wpcf7-form-control-wrap\" data-name=\"file-29\"><input size=\"40\" class=\"wpcf7-form-control wpcf7-file\" accept=\"audio\/*,video\/*,image\/*\" aria-invalid=\"false\" type=\"file\" name=\"file-29\" \/><\/span>\n\t\t<\/p>\n\t<\/div>\n\t<div class=\"col-lg-12 col-md-12 col-sm-12 col-xs-12\">\n\t\t<p><input class=\"wpcf7-form-control wpcf7-submit has-spinner apliko-btn\" type=\"submit\" value=\"PODNETI\" \/>\n\t\t<\/p>\n\t<\/div>\n<\/div><div class=\"wpcf7-response-output\" aria-hidden=\"true\"><\/div>\n<\/form>\n<\/div>\n<\/div>\r<!-- rt-cf7 -->\r[\/vc_column][\/vc_row][vc_row full_width=&#8221;stretch_row_content_no_spaces&#8221; equal_height=&#8221;yes&#8221; css_animation=&#8221;none&#8221; css=&#8221;.vc_custom_1519735092933{margin-top: 0px !important;margin-bottom: 0px !important;padding-top: 0px !important;padding-bottom: 0px !important;}&#8221;][vc_column css=&#8221;.vc_custom_1519733353854{margin-top: 0px !important;margin-bottom: 0px !important;padding-top: 0px !important;padding-bottom: 0px !important;background-color: #ffffff !important;}&#8221;]\r<!-- rt-cf7 -->\r<div class=\"radiant-contact-form rta155bdbb9dc9611 element-one \"  ><\/div>\r<!-- rt-cf7 -->\r[vc_gmaps link=&#8221;#E-8_JTNDaWZyYW1lJTIwc3JjJTNEJTIyaHR0cHMlM0ElMkYlMkZ3d3cuZ29vZ2xlLmNvbSUyRm1hcHMlMkZlbWJlZCUzRnBiJTNEJTIxMW0xOCUyMTFtMTIlMjExbTMlMjExZDczMy41MTE5NjcwODE2NDgxJTIxMmQyMS4xNjUyMzY4MjkyMjklMjEzZDQyLjY2MDM0MDk5ODY5OCUyMTJtMyUyMTFmMCUyMTJmMCUyMTNmMCUyMTNtMiUyMTFpMTAyNCUyMTJpNzY4JTIxNGYxMy4xJTIxM20zJTIxMW0yJTIxMXMweDAlMjUzQTB4MCUyMTJ6TkRMQ3NETTVKek0zTGpJaVRpQXlNY0t3TURrbk5UWXVPQ0pGJTIxNWUwJTIxM20yJTIxMXNlbiUyMTJzdXMlMjE0djE1NTUzOTk3NjMyNTElMjE1bTIlMjExc2VuJTIxMnN1cyUyMiUyMHdpZHRoJTNEJTIyNjAwJTIyJTIwaGVpZ2h0JTNEJTIyNDUwJTIyJTIwZnJhbWVib3JkZXIlM0QlMjIwJTIyJTIwc3R5bGUlM0QlMjJib3JkZXIlM0EwJTIyJTIwYWxsb3dmdWxsc2NyZWVuJTNFJTNDJTJGaWZyYW1lJTNF&#8221; css=&#8221;.vc_custom_1555399802680{margin-top: 0px !important;margin-bottom: 0px !important;padding-top: 0px !important;padding-bottom: 0px !important;}&#8221; el_class=&#8221;map&#8221;][\/vc_column][\/vc_row][\/vc_section]<\/p>\n<\/div>","protected":false},"excerpt":{"rendered":"<p>[vc_section full_width=&#8221;stretch_row&#8221; css=&#8221;.vc_custom_1519729320894{margin-top: 0px !important;margin-bottom: 0px !important;padding-top: 0px !important;padding-bottom: 0px !important;background-color: #ffffff !important;background-position: center !important;background-repeat: no-repeat !important;background-size: cover !important;}&#8221;][vc_row full_width=&#8221;stretch_row&#8221; gap=&#8221;35&#8243; equal_height=&#8221;yes&#8221; css_animation=&#8221;none&#8221; css=&#8221;.vc_custom_1519736155648{margin-top: 0px !important;margin-bottom: 0px !important;padding-top: 73px !important;padding-bottom: 73px !important;background-color: #ffffff !important;}&#8221;][vc_column width=&#8221;1\/3&#8243; css=&#8221;.vc_custom_1519736485121{margin-top: 0px !important;margin-bottom: 0px !important;padding-top: 0px !important;padding-bottom: 0px !important;}&#8221; el_class=&#8221;border-right&#8221;][vc_single_image image=&#8221;10089&#8243; img_size=&#8221;full&#8221; alignment=&#8221;center&#8221; css=&#8221;.vc_custom_1529295636358{margin-top: 0px !important;margin-bottom: 10px !important;padding-top: 0px !important;padding-bottom: [&hellip;]<\/p>\n","protected":false},"author":3,"featured_media":0,"parent":0,"menu_order":0,"comment_status":"closed","ping_status":"closed","template":"","meta":{"footnotes":""},"class_list":["post-10981","page","type-page","status-publish","hentry"],"yoast_head":"<!-- This site is optimized with the Yoast SEO Premium plugin v20.5 (Yoast SEO v27.4) - https:\/\/yoast.com\/product\/yoast-seo-premium-wordpress\/ -->\n<title>Kontakt - Qendra p\u00ebr Ndihm\u00eb Juridike<\/title>\n<meta name=\"robots\" content=\"index, follow, max-snippet:-1, max-image-preview:large, max-video-preview:-1\" \/>\n<link rel=\"canonical\" href=\"https:\/\/ndihmajuridikeikd.org\/sr\/kontakti\/\" \/>\n<meta property=\"og:locale\" content=\"sr_RS\" \/>\n<meta property=\"og:type\" content=\"article\" \/>\n<meta property=\"og:title\" content=\"Kontakt\" \/>\n<meta property=\"og:description\" content=\"[vc_section full_width=&#8221;stretch_row&#8221; css=&#8221;.vc_custom_1519729320894{margin-top: 0px !important;margin-bottom: 0px !important;padding-top: 0px !important;padding-bottom: 0px !important;background-color: #ffffff !important;background-position: center !important;background-repeat: no-repeat !important;background-size: cover !important;}&#8221;][vc_row full_width=&#8221;stretch_row&#8221; gap=&#8221;35&#8243; equal_height=&#8221;yes&#8221; css_animation=&#8221;none&#8221; css=&#8221;.vc_custom_1519736155648{margin-top: 0px !important;margin-bottom: 0px !important;padding-top: 73px !important;padding-bottom: 73px !important;background-color: #ffffff !important;}&#8221;][vc_column width=&#8221;1\/3&#8243; css=&#8221;.vc_custom_1519736485121{margin-top: 0px !important;margin-bottom: 0px !important;padding-top: 0px !important;padding-bottom: 0px !important;}&#8221; el_class=&#8221;border-right&#8221;][vc_single_image image=&#8221;10089&#8243; img_size=&#8221;full&#8221; alignment=&#8221;center&#8221; css=&#8221;.vc_custom_1529295636358{margin-top: 0px !important;margin-bottom: 10px !important;padding-top: 0px !important;padding-bottom: [&hellip;]\" \/>\n<meta property=\"og:url\" content=\"https:\/\/ndihmajuridikeikd.org\/sr\/kontakti\/\" \/>\n<meta property=\"og:site_name\" content=\"Qendra p\u00ebr Ndihm\u00eb Juridike\" \/>\n<meta property=\"article:modified_time\" content=\"2019-06-14T13:27:44+00:00\" \/>\n<meta name=\"twitter:card\" content=\"summary_large_image\" \/>\n<meta name=\"twitter:label1\" content=\"Est. reading time\" \/>\n\t<meta name=\"twitter:data1\" content=\"3 minutes\" \/>\n<script type=\"application\/ld+json\" class=\"yoast-schema-graph\">{\"@context\":\"https:\\\/\\\/schema.org\",\"@graph\":[{\"@type\":\"WebPage\",\"@id\":\"https:\\\/\\\/ndihmajuridikeikd.org\\\/sr\\\/kontakti\\\/\",\"url\":\"https:\\\/\\\/ndihmajuridikeikd.org\\\/sr\\\/kontakti\\\/\",\"name\":\"Kontakt - Qendra p\u00ebr Ndihm\u00eb Juridike\",\"isPartOf\":{\"@id\":\"https:\\\/\\\/ndihmajuridikeikd.org\\\/#website\"},\"datePublished\":\"2017-11-29T08:24:48+00:00\",\"dateModified\":\"2019-06-14T13:27:44+00:00\",\"breadcrumb\":{\"@id\":\"https:\\\/\\\/ndihmajuridikeikd.org\\\/sr\\\/kontakti\\\/#breadcrumb\"},\"inLanguage\":\"sr-RS\",\"potentialAction\":[{\"@type\":\"ReadAction\",\"target\":[\"https:\\\/\\\/ndihmajuridikeikd.org\\\/sr\\\/kontakti\\\/\"]}]},{\"@type\":\"BreadcrumbList\",\"@id\":\"https:\\\/\\\/ndihmajuridikeikd.org\\\/sr\\\/kontakti\\\/#breadcrumb\",\"itemListElement\":[{\"@type\":\"ListItem\",\"position\":1,\"name\":\"Home\",\"item\":\"https:\\\/\\\/ndihmajuridikeikd.org\\\/sr\\\/ballina\\\/\"},{\"@type\":\"ListItem\",\"position\":2,\"name\":\"Kontakt\"}]},{\"@type\":\"WebSite\",\"@id\":\"https:\\\/\\\/ndihmajuridikeikd.org\\\/#website\",\"url\":\"https:\\\/\\\/ndihmajuridikeikd.org\\\/\",\"name\":\"Qendra p\u00ebr Ndihm\u00eb Juridike\",\"description\":\"IKD\",\"publisher\":{\"@id\":\"https:\\\/\\\/ndihmajuridikeikd.org\\\/#organization\"},\"potentialAction\":[{\"@type\":\"SearchAction\",\"target\":{\"@type\":\"EntryPoint\",\"urlTemplate\":\"https:\\\/\\\/ndihmajuridikeikd.org\\\/?s={search_term_string}\"},\"query-input\":{\"@type\":\"PropertyValueSpecification\",\"valueRequired\":true,\"valueName\":\"search_term_string\"}}],\"inLanguage\":\"sr-RS\"},{\"@type\":\"Organization\",\"@id\":\"https:\\\/\\\/ndihmajuridikeikd.org\\\/#organization\",\"name\":\"Qendra p\u00ebr Ndihm\u00eb Juridike\",\"url\":\"https:\\\/\\\/ndihmajuridikeikd.org\\\/\",\"logo\":{\"@type\":\"ImageObject\",\"inLanguage\":\"sr-RS\",\"@id\":\"https:\\\/\\\/ndihmajuridikeikd.org\\\/#\\\/schema\\\/logo\\\/image\\\/\",\"url\":\"https:\\\/\\\/ndihmajuridikeikd.org\\\/wp-content\\\/uploads\\\/2019\\\/04\\\/logo.jpg\",\"contentUrl\":\"https:\\\/\\\/ndihmajuridikeikd.org\\\/wp-content\\\/uploads\\\/2019\\\/04\\\/logo.jpg\",\"width\":250,\"height\":68,\"caption\":\"Qendra p\u00ebr Ndihm\u00eb Juridike\"},\"image\":{\"@id\":\"https:\\\/\\\/ndihmajuridikeikd.org\\\/#\\\/schema\\\/logo\\\/image\\\/\"}}]}<\/script>\n<!-- \/ Yoast SEO Premium plugin. -->","yoast_head_json":{"title":"Kontakt - Qendra p\u00ebr Ndihm\u00eb Juridike","robots":{"index":"index","follow":"follow","max-snippet":"max-snippet:-1","max-image-preview":"max-image-preview:large","max-video-preview":"max-video-preview:-1"},"canonical":"https:\/\/ndihmajuridikeikd.org\/sr\/kontakti\/","og_locale":"sr_RS","og_type":"article","og_title":"Kontakt","og_description":"[vc_section full_width=&#8221;stretch_row&#8221; css=&#8221;.vc_custom_1519729320894{margin-top: 0px !important;margin-bottom: 0px !important;padding-top: 0px !important;padding-bottom: 0px !important;background-color: #ffffff !important;background-position: center !important;background-repeat: no-repeat !important;background-size: cover !important;}&#8221;][vc_row full_width=&#8221;stretch_row&#8221; gap=&#8221;35&#8243; equal_height=&#8221;yes&#8221; css_animation=&#8221;none&#8221; css=&#8221;.vc_custom_1519736155648{margin-top: 0px !important;margin-bottom: 0px !important;padding-top: 73px !important;padding-bottom: 73px !important;background-color: #ffffff !important;}&#8221;][vc_column width=&#8221;1\/3&#8243; css=&#8221;.vc_custom_1519736485121{margin-top: 0px !important;margin-bottom: 0px !important;padding-top: 0px !important;padding-bottom: 0px !important;}&#8221; el_class=&#8221;border-right&#8221;][vc_single_image image=&#8221;10089&#8243; img_size=&#8221;full&#8221; alignment=&#8221;center&#8221; css=&#8221;.vc_custom_1529295636358{margin-top: 0px !important;margin-bottom: 10px !important;padding-top: 0px !important;padding-bottom: [&hellip;]","og_url":"https:\/\/ndihmajuridikeikd.org\/sr\/kontakti\/","og_site_name":"Qendra p\u00ebr Ndihm\u00eb Juridike","article_modified_time":"2019-06-14T13:27:44+00:00","twitter_card":"summary_large_image","twitter_misc":{"Est. reading time":"3 minutes"},"schema":{"@context":"https:\/\/schema.org","@graph":[{"@type":"WebPage","@id":"https:\/\/ndihmajuridikeikd.org\/sr\/kontakti\/","url":"https:\/\/ndihmajuridikeikd.org\/sr\/kontakti\/","name":"Kontakt - Qendra p\u00ebr Ndihm\u00eb Juridike","isPartOf":{"@id":"https:\/\/ndihmajuridikeikd.org\/#website"},"datePublished":"2017-11-29T08:24:48+00:00","dateModified":"2019-06-14T13:27:44+00:00","breadcrumb":{"@id":"https:\/\/ndihmajuridikeikd.org\/sr\/kontakti\/#breadcrumb"},"inLanguage":"sr-RS","potentialAction":[{"@type":"ReadAction","target":["https:\/\/ndihmajuridikeikd.org\/sr\/kontakti\/"]}]},{"@type":"BreadcrumbList","@id":"https:\/\/ndihmajuridikeikd.org\/sr\/kontakti\/#breadcrumb","itemListElement":[{"@type":"ListItem","position":1,"name":"Home","item":"https:\/\/ndihmajuridikeikd.org\/sr\/ballina\/"},{"@type":"ListItem","position":2,"name":"Kontakt"}]},{"@type":"WebSite","@id":"https:\/\/ndihmajuridikeikd.org\/#website","url":"https:\/\/ndihmajuridikeikd.org\/","name":"Qendra p\u00ebr Ndihm\u00eb Juridike","description":"IKD","publisher":{"@id":"https:\/\/ndihmajuridikeikd.org\/#organization"},"potentialAction":[{"@type":"SearchAction","target":{"@type":"EntryPoint","urlTemplate":"https:\/\/ndihmajuridikeikd.org\/?s={search_term_string}"},"query-input":{"@type":"PropertyValueSpecification","valueRequired":true,"valueName":"search_term_string"}}],"inLanguage":"sr-RS"},{"@type":"Organization","@id":"https:\/\/ndihmajuridikeikd.org\/#organization","name":"Qendra p\u00ebr Ndihm\u00eb Juridike","url":"https:\/\/ndihmajuridikeikd.org\/","logo":{"@type":"ImageObject","inLanguage":"sr-RS","@id":"https:\/\/ndihmajuridikeikd.org\/#\/schema\/logo\/image\/","url":"https:\/\/ndihmajuridikeikd.org\/wp-content\/uploads\/2019\/04\/logo.jpg","contentUrl":"https:\/\/ndihmajuridikeikd.org\/wp-content\/uploads\/2019\/04\/logo.jpg","width":250,"height":68,"caption":"Qendra p\u00ebr Ndihm\u00eb Juridike"},"image":{"@id":"https:\/\/ndihmajuridikeikd.org\/#\/schema\/logo\/image\/"}}]}},"_links":{"self":[{"href":"https:\/\/ndihmajuridikeikd.org\/sr\/wp-json\/wp\/v2\/pages\/10981","targetHints":{"allow":["GET"]}}],"collection":[{"href":"https:\/\/ndihmajuridikeikd.org\/sr\/wp-json\/wp\/v2\/pages"}],"about":[{"href":"https:\/\/ndihmajuridikeikd.org\/sr\/wp-json\/wp\/v2\/types\/page"}],"author":[{"embeddable":true,"href":"https:\/\/ndihmajuridikeikd.org\/sr\/wp-json\/wp\/v2\/users\/3"}],"replies":[{"embeddable":true,"href":"https:\/\/ndihmajuridikeikd.org\/sr\/wp-json\/wp\/v2\/comments?post=10981"}],"version-history":[{"count":5,"href":"https:\/\/ndihmajuridikeikd.org\/sr\/wp-json\/wp\/v2\/pages\/10981\/revisions"}],"predecessor-version":[{"id":11271,"href":"https:\/\/ndihmajuridikeikd.org\/sr\/wp-json\/wp\/v2\/pages\/10981\/revisions\/11271"}],"wp:attachment":[{"href":"https:\/\/ndihmajuridikeikd.org\/sr\/wp-json\/wp\/v2\/media?parent=10981"}],"curies":[{"name":"wp","href":"https:\/\/api.w.org\/{rel}","templated":true}]}}