{"id":10772,"date":"2019-04-16T09:57:59","date_gmt":"2019-04-16T07:57:59","guid":{"rendered":"https:\/\/ndihmajuridikeikd.org\/apliko-online\/"},"modified":"2019-04-26T14:09:53","modified_gmt":"2019-04-26T12:09:53","slug":"apliko-online","status":"publish","type":"page","link":"https:\/\/ndihmajuridikeikd.org\/sr\/apliko-online\/","title":{"rendered":"Prijaviti online"},"content":{"rendered":"<div class=\"wpb-content-wrapper\"><p>[vc_row el_class=&#8221;applyOnline&#8221;][vc_column]\r<!-- rt-cf7 -->\r<div class=\"radiant-contact-form rtbda184a1e1a530c element-one \"  >\n<div class=\"wpcf7 no-js\" id=\"wpcf7-f10788-o1\" lang=\"en-GB\" dir=\"ltr\" data-wpcf7-id=\"10788\">\n<div class=\"screen-reader-response\"><p role=\"status\" aria-live=\"polite\" aria-atomic=\"true\"><\/p> <ul><\/ul><\/div>\n<form action=\"\/sr\/wp-json\/wp\/v2\/pages\/10772#wpcf7-f10788-o1\" method=\"post\" class=\"wpcf7-form init\" aria-label=\"Contact form\" enctype=\"multipart\/form-data\" novalidate=\"novalidate\" data-status=\"init\">\n<fieldset class=\"hidden-fields-container\"><input type=\"hidden\" name=\"_wpcf7\" value=\"10788\" \/><input type=\"hidden\" name=\"_wpcf7_version\" value=\"6.1.5\" \/><input type=\"hidden\" name=\"_wpcf7_locale\" value=\"en_GB\" \/><input type=\"hidden\" name=\"_wpcf7_unit_tag\" value=\"wpcf7-f10788-o1\" \/><input type=\"hidden\" name=\"_wpcf7_container_post\" value=\"0\" \/><input type=\"hidden\" name=\"_wpcf7_posted_data_hash\" value=\"\" \/><input type=\"hidden\" name=\"_wpcf7_recaptcha_response\" value=\"\" \/>\n<\/fieldset>\n<div class=\"col-lg-12 col-md-12 col-sm-12 col-xs-12\">\n\t<div class=\"form-row\">\n\t<\/div>\n\t<div class=\"form-row\">\n\t\t<h3>APLICIRAJTE ONLINE ZA BESPLATNU PRAVNU POMO\u0106 OD CBPP \u2013 KIP\n\t\t<\/h3>\n\t<\/div>\n\t<div class=\"row\">\n\t\t<div class=\"col-lg-4 col-md-12 col-sm-12 col-xs-12\">\n\t\t\t<p><span class=\"wpcf7-form-control-wrap\" data-name=\"emri\"><input size=\"40\" maxlength=\"400\" class=\"wpcf7-form-control wpcf7-text wpcf7-validates-as-required\" aria-required=\"true\" aria-invalid=\"false\" placeholder=\"Ime*\" value=\"\" type=\"text\" name=\"emri\" \/><\/span>\n\t\t\t<\/p>\n\t\t<\/div>\n\t\t<div class=\"col-lg-4 col-md-12 col-sm-12 col-xs-12\">\n\t\t\t<p><span class=\"wpcf7-form-control-wrap\" data-name=\"mbiemri\"><input size=\"40\" maxlength=\"400\" class=\"wpcf7-form-control wpcf7-text wpcf7-validates-as-required\" aria-required=\"true\" aria-invalid=\"false\" placeholder=\"Prezime*\" value=\"\" type=\"text\" name=\"mbiemri\" \/><\/span>\n\t\t\t<\/p>\n\t\t<\/div>\n\t\t<div class=\"col-lg-4 col-md-12 col-sm-12 col-xs-12 clearleft\">\n\t\t\t<p><span class=\"wpcf7-form-control-wrap\" data-name=\"datelindja\"><input size=\"40\" maxlength=\"400\" class=\"wpcf7-form-control wpcf7-text wpcf7-validates-as-required\" aria-required=\"true\" aria-invalid=\"false\" placeholder=\"Datum ro\u0111enja*\" value=\"\" type=\"text\" name=\"datelindja\" \/><\/span>\n\t\t\t<\/p>\n\t\t<\/div>\n\t\t<div class=\"col-lg-4 col-md-12 col-sm-12 col-xs-12\">\n\t\t\t<p><span class=\"wpcf7-form-control-wrap\" data-name=\"nrPersonal\"><input size=\"40\" maxlength=\"400\" class=\"wpcf7-form-control wpcf7-text wpcf7-validates-as-required\" aria-required=\"true\" aria-invalid=\"false\" placeholder=\"Li\u010dni broj*\" value=\"\" type=\"text\" name=\"nrPersonal\" \/><\/span>\n\t\t\t<\/p>\n\t\t<\/div>\n\t\t<div class=\"col-lg-4 col-md-12 col-sm-12 col-xs-12 clearleft\">\n\t\t\t<p><span class=\"wpcf7-form-control-wrap\" data-name=\"adresa\"><input size=\"40\" maxlength=\"400\" class=\"wpcf7-form-control wpcf7-text wpcf7-validates-as-required\" aria-required=\"true\" aria-invalid=\"false\" placeholder=\"Adresa*\" value=\"\" type=\"text\" name=\"adresa\" \/><\/span>\n\t\t\t<\/p>\n\t\t<\/div>\n\t\t<div class=\"col-lg-4 col-md-12 col-sm-12 col-xs-12\">\n\t\t\t<p><label style=\"float:left\">No\/Zaposlen\/a:*<\/label><br \/>\n<span class=\"wpcf7-form-control-wrap\" data-name=\"Zaposlen\"><span class=\"wpcf7-form-control wpcf7-radio\"><span class=\"wpcf7-list-item first\"><input type=\"radio\" name=\"Zaposlen\" value=\"Da\" \/><span class=\"wpcf7-list-item-label\">Da<\/span><\/span><span class=\"wpcf7-list-item last\"><input type=\"radio\" name=\"Zaposlen\" value=\"Ne\" \/><span class=\"wpcf7-list-item-label\">Ne<\/span><\/span><\/span><\/span>\n\t\t\t<\/p>\n\t\t<\/div>\n\t\t<div class=\"col-lg-4 col-md-12 col-sm-12 col-xs-12 clearleft\">\n\t\t\t<p><span class=\"wpcf7-form-control-wrap\" data-name=\"ImovinskiStatus\"><input size=\"40\" maxlength=\"400\" class=\"wpcf7-form-control wpcf7-text wpcf7-validates-as-required\" aria-required=\"true\" aria-invalid=\"false\" placeholder=\"Imovinski status*\" value=\"\" type=\"text\" name=\"ImovinskiStatus\" \/><\/span>\n\t\t\t<\/p>\n\t\t<\/div>\n\t\t<div class=\"col-lg-4 col-md-12 col-sm-12 col-xs-12\">\n\t\t\t<p><span class=\"wpcf7-form-control-wrap\" data-name=\"tel\"><input size=\"40\" maxlength=\"400\" class=\"wpcf7-form-control wpcf7-text wpcf7-validates-as-required\" aria-required=\"true\" aria-invalid=\"false\" placeholder=\"Broj telefona*\" value=\"\" type=\"text\" name=\"tel\" \/><\/span>\n\t\t\t<\/p>\n\t\t<\/div>\n\t<\/div>\n\t<div class=\"col-lg-12 col-md-12 col-sm-12 col-xs-12\">\n\t\t<div class=\"form-row\">\n\t\t\t<p><span class=\"wpcf7-form-control-wrap Name\"><br \/>\n<label>Od Centra za besplatnu pravnu pomo\u0107 pri Kosovskom institutu za pravdu potrebno mi je:*<\/label><br \/>\n<span class=\"wpcf7-form-control-wrap\" data-name=\"checkbox-193\"><span class=\"wpcf7-form-control wpcf7-checkbox wpcf7-validates-as-required\"><span class=\"wpcf7-list-item first\"><input type=\"checkbox\" name=\"checkbox-193[]\" value=\"Primarna besplatna pravna pomo\u0107;\" \/><span class=\"wpcf7-list-item-label\">Primarna besplatna pravna pomo\u0107;<\/span><\/span><span class=\"wpcf7-list-item last\"><input type=\"checkbox\" name=\"checkbox-193[]\" value=\"Sekundarna besplatna pravna pomo\u0107.\" \/><span class=\"wpcf7-list-item-label\">Sekundarna besplatna pravna pomo\u0107.<\/span><\/span><\/span><\/span><br \/>\n<\/span>\n\t\t\t<\/p>\n\t\t<\/div>\n\t<\/div>\n\t<div class=\"col-lg-12 col-md-12 col-sm-12 col-xs-12\">\n\t\t<div class=\"form-row\">\n\t\t\t<p><span class=\"wpcf7-form-control-wrap Name\"><br \/>\n<label><br \/>\nOblast iz koje mi je potrebna besplatna pravna pomo\u0107:*<br \/>\n<\/label><br \/>\n<span class=\"wpcf7-form-control-wrap\" data-name=\"checkbox-194\"><span class=\"wpcf7-form-control wpcf7-checkbox wpcf7-validates-as-required\"><span class=\"wpcf7-list-item first\"><input type=\"checkbox\" name=\"checkbox-194[]\" value=\"Pravna podr\u0161ka \u017eenama u ostvarivanju imovinskih prava,\" \/><span class=\"wpcf7-list-item-label\">Pravna podr\u0161ka \u017eenama u ostvarivanju imovinskih prava,<\/span><\/span><span class=\"wpcf7-list-item\"><input type=\"checkbox\" name=\"checkbox-194[]\" value=\"Pravna pomo\u0107 povezana sa pravima koja proisti\u010du iz radnog odnosa, pitanjima vezanim za ugovore i penzije zabranjene od strane vlasti Srbije,\" \/><span class=\"wpcf7-list-item-label\">Pravna pomo\u0107 povezana sa pravima koja proisti\u010du iz radnog odnosa, pitanjima vezanim za ugovore i penzije zabranjene od strane vlasti Srbije,<\/span><\/span><span class=\"wpcf7-list-item\"><input type=\"checkbox\" name=\"checkbox-194[]\" value=\"Pravna pomo\u0107 u cilju za\u0161tite prava manjina, raseljenih lica, izbeglica i tra\u017eioca azila,\" \/><span class=\"wpcf7-list-item-label\">Pravna pomo\u0107 u cilju za\u0161tite prava manjina, raseljenih lica, izbeglica i tra\u017eioca azila,<\/span><\/span><span class=\"wpcf7-list-item\"><input type=\"checkbox\" name=\"checkbox-194[]\" value=\"Pravna pomo\u0107 u vezi sa rodno uslovljenim nasiljem u porodici i naknadom za osobe koje su pretrpele seksualno nasilje za vreme rata,\" \/><span class=\"wpcf7-list-item-label\">Pravna pomo\u0107 u vezi sa rodno uslovljenim nasiljem u porodici i naknadom za osobe koje su pretrpele seksualno nasilje za vreme rata,<\/span><\/span><span class=\"wpcf7-list-item\"><input type=\"checkbox\" name=\"checkbox-194[]\" value=\"Pravna pomo\u0107 u cilju za\u0161tite prava zatvorenika,\" \/><span class=\"wpcf7-list-item-label\">Pravna pomo\u0107 u cilju za\u0161tite prava zatvorenika,<\/span><\/span><span class=\"wpcf7-list-item\"><input type=\"checkbox\" name=\"checkbox-194[]\" value=\"Pru\u017eanje besplatne pravne pomo\u0107i zvi\u017eda\u010dima u predmetima vezanim za korupciju, i\" \/><span class=\"wpcf7-list-item-label\">Pru\u017eanje besplatne pravne pomo\u0107i zvi\u017eda\u010dima u predmetima vezanim za korupciju, i<\/span><\/span><span class=\"wpcf7-list-item last\"><input type=\"checkbox\" name=\"checkbox-194[]\" value=\"Drugi oblik besplatne pravne pomo\u0107i.\" \/><span class=\"wpcf7-list-item-label\">Drugi oblik besplatne pravne pomo\u0107i.<\/span><\/span><\/span><\/span><br \/>\n<\/span>\n\t\t\t<\/p>\n\t\t<\/div>\n\t<\/div>\n\t<div class=\"col-lg-12 col-md-12 col-sm-12 col-xs-12\">\n\t\t<p><label><br \/>\nBesplatna pravna pomo\u0107 je potrebna u:*<br \/>\n<\/label><br \/>\n<span class=\"wpcf7-form-control-wrap\" data-name=\"checkbox-195\"><span class=\"wpcf7-form-control wpcf7-checkbox wpcf7-validates-as-required\"><span class=\"wpcf7-list-item first\"><input type=\"checkbox\" name=\"checkbox-195[]\" value=\"Sudu\" \/><span class=\"wpcf7-list-item-label\">Sudu<\/span><\/span><span class=\"wpcf7-list-item\"><input type=\"checkbox\" name=\"checkbox-195[]\" value=\"Tu\u017eila\u0161tvu\" \/><span class=\"wpcf7-list-item-label\">Tu\u017eila\u0161tvu<\/span><\/span><span class=\"wpcf7-list-item last\"><input type=\"checkbox\" name=\"checkbox-195[]\" value=\"Policiji\" \/><span class=\"wpcf7-list-item-label\">Policiji<\/span><\/span><\/span><\/span><br \/>\n<span class=\"wpcf7-form-control-wrap\" data-name=\"text-235\"><input size=\"40\" maxlength=\"400\" class=\"wpcf7-form-control wpcf7-text\" aria-invalid=\"false\" value=\"Drugo (navesti naziv institucije)\" type=\"text\" name=\"text-235\" \/><\/span>\n\t\t<\/p>\n\t<\/div>\n\t<div class=\"col-lg-12 col-md-12 col-sm-12 col-xs-12\">\n\t\t<div class=\"wpcf7-form-control-wrap your-message\">\n\t\t\t<p><label>OPI\u0160ITE PREDMET U VEZI KOJEG VAM JE POTREBNA BESPLATNA PRAVNA POMO\u0106*<\/label><br \/>\n<span class=\"wpcf7-form-control-wrap\" data-name=\"textarea-692\"><textarea cols=\"40\" rows=\"10\" maxlength=\"2000\" class=\"wpcf7-form-control wpcf7-textarea wpcf7-validates-as-required\" aria-required=\"true\" aria-invalid=\"false\" name=\"textarea-692\"><\/textarea><\/span>\n\t\t\t<\/p>\n\t\t<\/div>\n\t<\/div>\n\t<div class=\"col-lg-12 col-md-12 col-sm-12 col-xs-12\">\n\t\t<p><label>PRILO\u017dITE DOKUMENTA U VEZI S NAVEDENIM PREDMETOM KOJA POSEDUJETE<\/label><br \/>\n<span class=\"wpcf7-form-control-wrap\" data-name=\"file-29\"><input size=\"40\" class=\"wpcf7-form-control wpcf7-file\" accept=\"audio\/*,video\/*,image\/*\" aria-invalid=\"false\" type=\"file\" name=\"file-29\" \/><\/span>\n\t\t<\/p>\n\t<\/div>\n\t<div class=\"col-lg-12 col-md-12 col-sm-12 col-xs-12\">\n\t\t<p><input class=\"wpcf7-form-control wpcf7-submit has-spinner apliko-btn\" type=\"submit\" value=\"PODNETI\" \/>\n\t\t<\/p>\n\t<\/div>\n<\/div><div class=\"wpcf7-response-output\" aria-hidden=\"true\"><\/div>\n<\/form>\n<\/div>\n<\/div>\r<!-- rt-cf7 -->\r[\/vc_column][\/vc_row][vc_row][vc_column][vc_column_text]<span style=\"font-weight: 400;\">Po\u0161tovani, CBPP-KIP \u0107e razmotriti predmet va\u0161eg zahteva u najskorijem roku i obavesti\u0107e vas o daljnjem postupku. Nakon \u0161to podnesete zahtev, primi\u0107ete informativno pismo u kojem \u0107emo vas obavestiti o preuzimanju va\u0161eg zahteva u razmatranje.<\/span><\/p>\n<p>&nbsp;<\/p>\n<p><span style=\"font-weight: 400;\">OBAVEST: ta\u010dno navedite va\u0161e informacije, u protivnom ne\u0107emo biti u mogu\u0107nosti da postupimo po va\u0161em zahtevu.<\/span>[\/vc_column_text][\/vc_column][\/vc_row]<\/p>\n<\/div>","protected":false},"excerpt":{"rendered":"<p>[vc_row el_class=&#8221;applyOnline&#8221;][vc_column][\/vc_column][\/vc_row][vc_row][vc_column][vc_column_text]Po\u0161tovani, CBPP-KIP \u0107e razmotriti predmet va\u0161eg zahteva u najskorijem roku i obavesti\u0107e vas o daljnjem postupku. Nakon \u0161to podnesete zahtev, primi\u0107ete informativno pismo u kojem \u0107emo vas obavestiti o preuzimanju va\u0161eg zahteva u razmatranje. &nbsp; OBAVEST: ta\u010dno navedite va\u0161e informacije, u protivnom ne\u0107emo biti u mogu\u0107nosti da postupimo po va\u0161em zahtevu.[\/vc_column_text][\/vc_column][\/vc_row]<\/p>\n","protected":false},"author":3,"featured_media":0,"parent":0,"menu_order":0,"comment_status":"closed","ping_status":"closed","template":"","meta":{"footnotes":""},"class_list":["post-10772","page","type-page","status-publish","hentry"],"yoast_head":"<!-- This site is optimized with the Yoast SEO Premium plugin v20.5 (Yoast SEO v27.4) - https:\/\/yoast.com\/product\/yoast-seo-premium-wordpress\/ -->\n<title>Prijaviti online - Qendra p\u00ebr Ndihm\u00eb Juridike<\/title>\n<meta name=\"robots\" content=\"index, follow, max-snippet:-1, max-image-preview:large, max-video-preview:-1\" \/>\n<link rel=\"canonical\" href=\"https:\/\/ndihmajuridikeikd.org\/sr\/apliko-online\/\" \/>\n<meta property=\"og:locale\" content=\"sr_RS\" \/>\n<meta property=\"og:type\" content=\"article\" \/>\n<meta property=\"og:title\" content=\"Prijaviti online\" \/>\n<meta property=\"og:description\" content=\"[vc_row el_class=&#8221;applyOnline&#8221;][vc_column][\/vc_column][\/vc_row][vc_row][vc_column][vc_column_text]Po\u0161tovani, CBPP-KIP \u0107e razmotriti predmet va\u0161eg zahteva u najskorijem roku i obavesti\u0107e vas o daljnjem postupku. Nakon \u0161to podnesete zahtev, primi\u0107ete informativno pismo u kojem \u0107emo vas obavestiti o preuzimanju va\u0161eg zahteva u razmatranje. &nbsp; OBAVEST: ta\u010dno navedite va\u0161e informacije, u protivnom ne\u0107emo biti u mogu\u0107nosti da postupimo po va\u0161em zahtevu.[\/vc_column_text][\/vc_column][\/vc_row]\" \/>\n<meta property=\"og:url\" content=\"https:\/\/ndihmajuridikeikd.org\/sr\/apliko-online\/\" \/>\n<meta property=\"og:site_name\" content=\"Qendra p\u00ebr Ndihm\u00eb Juridike\" \/>\n<meta property=\"article:modified_time\" content=\"2019-04-26T12:09:53+00:00\" \/>\n<meta name=\"twitter:card\" content=\"summary_large_image\" \/>\n<script type=\"application\/ld+json\" class=\"yoast-schema-graph\">{\"@context\":\"https:\\\/\\\/schema.org\",\"@graph\":[{\"@type\":\"WebPage\",\"@id\":\"https:\\\/\\\/ndihmajuridikeikd.org\\\/sr\\\/apliko-online\\\/\",\"url\":\"https:\\\/\\\/ndihmajuridikeikd.org\\\/sr\\\/apliko-online\\\/\",\"name\":\"Prijaviti online - Qendra p\u00ebr Ndihm\u00eb Juridike\",\"isPartOf\":{\"@id\":\"https:\\\/\\\/ndihmajuridikeikd.org\\\/#website\"},\"datePublished\":\"2019-04-16T07:57:59+00:00\",\"dateModified\":\"2019-04-26T12:09:53+00:00\",\"breadcrumb\":{\"@id\":\"https:\\\/\\\/ndihmajuridikeikd.org\\\/sr\\\/apliko-online\\\/#breadcrumb\"},\"inLanguage\":\"sr-RS\",\"potentialAction\":[{\"@type\":\"ReadAction\",\"target\":[\"https:\\\/\\\/ndihmajuridikeikd.org\\\/sr\\\/apliko-online\\\/\"]}]},{\"@type\":\"BreadcrumbList\",\"@id\":\"https:\\\/\\\/ndihmajuridikeikd.org\\\/sr\\\/apliko-online\\\/#breadcrumb\",\"itemListElement\":[{\"@type\":\"ListItem\",\"position\":1,\"name\":\"Home\",\"item\":\"https:\\\/\\\/ndihmajuridikeikd.org\\\/sr\\\/ballina\\\/\"},{\"@type\":\"ListItem\",\"position\":2,\"name\":\"Prijaviti online\"}]},{\"@type\":\"WebSite\",\"@id\":\"https:\\\/\\\/ndihmajuridikeikd.org\\\/#website\",\"url\":\"https:\\\/\\\/ndihmajuridikeikd.org\\\/\",\"name\":\"Qendra p\u00ebr Ndihm\u00eb Juridike\",\"description\":\"IKD\",\"publisher\":{\"@id\":\"https:\\\/\\\/ndihmajuridikeikd.org\\\/#organization\"},\"potentialAction\":[{\"@type\":\"SearchAction\",\"target\":{\"@type\":\"EntryPoint\",\"urlTemplate\":\"https:\\\/\\\/ndihmajuridikeikd.org\\\/?s={search_term_string}\"},\"query-input\":{\"@type\":\"PropertyValueSpecification\",\"valueRequired\":true,\"valueName\":\"search_term_string\"}}],\"inLanguage\":\"sr-RS\"},{\"@type\":\"Organization\",\"@id\":\"https:\\\/\\\/ndihmajuridikeikd.org\\\/#organization\",\"name\":\"Qendra p\u00ebr Ndihm\u00eb Juridike\",\"url\":\"https:\\\/\\\/ndihmajuridikeikd.org\\\/\",\"logo\":{\"@type\":\"ImageObject\",\"inLanguage\":\"sr-RS\",\"@id\":\"https:\\\/\\\/ndihmajuridikeikd.org\\\/#\\\/schema\\\/logo\\\/image\\\/\",\"url\":\"https:\\\/\\\/ndihmajuridikeikd.org\\\/wp-content\\\/uploads\\\/2019\\\/04\\\/logo.jpg\",\"contentUrl\":\"https:\\\/\\\/ndihmajuridikeikd.org\\\/wp-content\\\/uploads\\\/2019\\\/04\\\/logo.jpg\",\"width\":250,\"height\":68,\"caption\":\"Qendra p\u00ebr Ndihm\u00eb Juridike\"},\"image\":{\"@id\":\"https:\\\/\\\/ndihmajuridikeikd.org\\\/#\\\/schema\\\/logo\\\/image\\\/\"}}]}<\/script>\n<!-- \/ Yoast SEO Premium plugin. -->","yoast_head_json":{"title":"Prijaviti online - Qendra p\u00ebr Ndihm\u00eb Juridike","robots":{"index":"index","follow":"follow","max-snippet":"max-snippet:-1","max-image-preview":"max-image-preview:large","max-video-preview":"max-video-preview:-1"},"canonical":"https:\/\/ndihmajuridikeikd.org\/sr\/apliko-online\/","og_locale":"sr_RS","og_type":"article","og_title":"Prijaviti online","og_description":"[vc_row el_class=&#8221;applyOnline&#8221;][vc_column][\/vc_column][\/vc_row][vc_row][vc_column][vc_column_text]Po\u0161tovani, CBPP-KIP \u0107e razmotriti predmet va\u0161eg zahteva u najskorijem roku i obavesti\u0107e vas o daljnjem postupku. Nakon \u0161to podnesete zahtev, primi\u0107ete informativno pismo u kojem \u0107emo vas obavestiti o preuzimanju va\u0161eg zahteva u razmatranje. &nbsp; OBAVEST: ta\u010dno navedite va\u0161e informacije, u protivnom ne\u0107emo biti u mogu\u0107nosti da postupimo po va\u0161em zahtevu.[\/vc_column_text][\/vc_column][\/vc_row]","og_url":"https:\/\/ndihmajuridikeikd.org\/sr\/apliko-online\/","og_site_name":"Qendra p\u00ebr Ndihm\u00eb Juridike","article_modified_time":"2019-04-26T12:09:53+00:00","twitter_card":"summary_large_image","schema":{"@context":"https:\/\/schema.org","@graph":[{"@type":"WebPage","@id":"https:\/\/ndihmajuridikeikd.org\/sr\/apliko-online\/","url":"https:\/\/ndihmajuridikeikd.org\/sr\/apliko-online\/","name":"Prijaviti online - Qendra p\u00ebr Ndihm\u00eb Juridike","isPartOf":{"@id":"https:\/\/ndihmajuridikeikd.org\/#website"},"datePublished":"2019-04-16T07:57:59+00:00","dateModified":"2019-04-26T12:09:53+00:00","breadcrumb":{"@id":"https:\/\/ndihmajuridikeikd.org\/sr\/apliko-online\/#breadcrumb"},"inLanguage":"sr-RS","potentialAction":[{"@type":"ReadAction","target":["https:\/\/ndihmajuridikeikd.org\/sr\/apliko-online\/"]}]},{"@type":"BreadcrumbList","@id":"https:\/\/ndihmajuridikeikd.org\/sr\/apliko-online\/#breadcrumb","itemListElement":[{"@type":"ListItem","position":1,"name":"Home","item":"https:\/\/ndihmajuridikeikd.org\/sr\/ballina\/"},{"@type":"ListItem","position":2,"name":"Prijaviti online"}]},{"@type":"WebSite","@id":"https:\/\/ndihmajuridikeikd.org\/#website","url":"https:\/\/ndihmajuridikeikd.org\/","name":"Qendra p\u00ebr Ndihm\u00eb Juridike","description":"IKD","publisher":{"@id":"https:\/\/ndihmajuridikeikd.org\/#organization"},"potentialAction":[{"@type":"SearchAction","target":{"@type":"EntryPoint","urlTemplate":"https:\/\/ndihmajuridikeikd.org\/?s={search_term_string}"},"query-input":{"@type":"PropertyValueSpecification","valueRequired":true,"valueName":"search_term_string"}}],"inLanguage":"sr-RS"},{"@type":"Organization","@id":"https:\/\/ndihmajuridikeikd.org\/#organization","name":"Qendra p\u00ebr Ndihm\u00eb Juridike","url":"https:\/\/ndihmajuridikeikd.org\/","logo":{"@type":"ImageObject","inLanguage":"sr-RS","@id":"https:\/\/ndihmajuridikeikd.org\/#\/schema\/logo\/image\/","url":"https:\/\/ndihmajuridikeikd.org\/wp-content\/uploads\/2019\/04\/logo.jpg","contentUrl":"https:\/\/ndihmajuridikeikd.org\/wp-content\/uploads\/2019\/04\/logo.jpg","width":250,"height":68,"caption":"Qendra p\u00ebr Ndihm\u00eb Juridike"},"image":{"@id":"https:\/\/ndihmajuridikeikd.org\/#\/schema\/logo\/image\/"}}]}},"_links":{"self":[{"href":"https:\/\/ndihmajuridikeikd.org\/sr\/wp-json\/wp\/v2\/pages\/10772","targetHints":{"allow":["GET"]}}],"collection":[{"href":"https:\/\/ndihmajuridikeikd.org\/sr\/wp-json\/wp\/v2\/pages"}],"about":[{"href":"https:\/\/ndihmajuridikeikd.org\/sr\/wp-json\/wp\/v2\/types\/page"}],"author":[{"embeddable":true,"href":"https:\/\/ndihmajuridikeikd.org\/sr\/wp-json\/wp\/v2\/users\/3"}],"replies":[{"embeddable":true,"href":"https:\/\/ndihmajuridikeikd.org\/sr\/wp-json\/wp\/v2\/comments?post=10772"}],"version-history":[{"count":5,"href":"https:\/\/ndihmajuridikeikd.org\/sr\/wp-json\/wp\/v2\/pages\/10772\/revisions"}],"predecessor-version":[{"id":10889,"href":"https:\/\/ndihmajuridikeikd.org\/sr\/wp-json\/wp\/v2\/pages\/10772\/revisions\/10889"}],"wp:attachment":[{"href":"https:\/\/ndihmajuridikeikd.org\/sr\/wp-json\/wp\/v2\/media?parent=10772"}],"curies":[{"name":"wp","href":"https:\/\/api.w.org\/{rel}","templated":true}]}}